{"id":3694,"date":"2025-06-13T11:29:49","date_gmt":"2025-06-13T11:29:49","guid":{"rendered":"https:\/\/nw-architekten.com\/?page_id=3694"},"modified":"2025-06-16T09:49:10","modified_gmt":"2025-06-16T09:49:10","slug":"sandra-luebke","status":"publish","type":"page","link":"https:\/\/nw-architekten.com\/?page_id=3694","title":{"rendered":"Sandra L\u00fcbke"},"content":{"rendered":"\t\t<div data-elementor-type=\"wp-page\" data-elementor-id=\"3694\" class=\"elementor elementor-3694\" data-elementor-post-type=\"page\">\n\t\t\t\t<div data-particle_enable=\"false\" data-particle-mobile-disabled=\"false\" class=\"elementor-element elementor-element-19f29ee8 e-con-full big-text-overlay e-flex wpr-particle-no wpr-jarallax-no wpr-parallax-no wpr-sticky-section-no e-con e-parent\" data-id=\"19f29ee8\" data-element_type=\"container\" data-e-type=\"container\" data-settings=\"{&quot;background_background&quot;:&quot;gradient&quot;}\">\n\t\t\t\t<div class=\"elementor-element elementor-element-4f6c729c mein-bild elementor-widget elementor-widget-image\" data-id=\"4f6c729c\" data-element_type=\"widget\" data-e-type=\"widget\" data-widget_type=\"image.default\">\n\t\t\t\t<div class=\"elementor-widget-container\">\n\t\t\t\t\t\t\t\t\t\t\t\t\t\t\t<img decoding=\"async\" src=\"https:\/\/nw-architekten.com\/wp-content\/uploads\/elementor\/thumbs\/Sandra-Luebke-rcy0hlrvx5vrr8lt8nxaw73sxt012gb7tk4lavwdaw.png\" title=\"Sandra-Luebke.png\" alt=\"Sandra-Luebke.png\" loading=\"lazy\" \/>\t\t\t\t\t\t\t\t\t\t\t\t\t\t\t<\/div>\n\t\t\t\t<\/div>\n\t\t\t\t<div class=\"elementor-element elementor-element-5713725a elementor-widget__width-inherit elementor-absolute elementor-widget elementor-widget-heading\" data-id=\"5713725a\" data-element_type=\"widget\" data-e-type=\"widget\" data-settings=\"{&quot;_position&quot;:&quot;absolute&quot;}\" data-widget_type=\"heading.default\">\n\t\t\t\t<div class=\"elementor-widget-container\">\n\t\t\t\t\t<h2 class=\"elementor-heading-title elementor-size-default\">SANDRA L\u00dcBKE<\/h2>\t\t\t\t<\/div>\n\t\t\t\t<\/div>\n\t\t<div data-particle_enable=\"false\" data-particle-mobile-disabled=\"false\" class=\"elementor-element elementor-element-59cc34e5 e-flex e-con-boxed wpr-particle-no wpr-jarallax-no wpr-parallax-no wpr-sticky-section-no e-con e-child\" data-id=\"59cc34e5\" data-element_type=\"container\" data-e-type=\"container\">\n\t\t\t\t\t<div class=\"e-con-inner\">\n\t\t\t\t<div class=\"elementor-element elementor-element-4cc29de1 elementor-widget elementor-widget-heading\" data-id=\"4cc29de1\" data-element_type=\"widget\" data-e-type=\"widget\" data-widget_type=\"heading.default\">\n\t\t\t\t<div class=\"elementor-widget-container\">\n\t\t\t\t\t<h2 class=\"elementor-heading-title elementor-size-default\">Auszubildende Bauzeichnerin<\/h2>\t\t\t\t<\/div>\n\t\t\t\t<\/div>\n\t\t\t\t<div class=\"elementor-element elementor-element-2c8cf0d1 elementor-widget elementor-widget-text-editor\" data-id=\"2c8cf0d1\" data-element_type=\"widget\" data-e-type=\"widget\" data-widget_type=\"text-editor.default\">\n\t\t\t\t<div class=\"elementor-widget-container\">\n\t\t\t\t\t\t\t\t\t<p>Sandra L\u00fcbke unterst\u00fctzt das Team engagiert als Auszubildende im Bereich Bauzeichnung. Bereits w\u00e4hrend ihrer Ausbildung bringt sie sich aktiv in verschiedene Projekte ein \u2013 von der CAD-Zeichnung \u00fcber die Entwurfs- und Genehmigungsplanung (LPH 1-4) bis hin zur Ausf\u00fchrungsplanung (LPH 5) und Detailentwicklung.<\/p><p>Ihr besonderes Interesse gilt Projekten im Stadionbau sowie im Mieterausbau f\u00fcr Gastronomiefl\u00e4chen. Dabei sammelt sie wertvolle praktische Erfahrungen und erweitert kontinuierlich ihr technisches Wissen.<\/p>\t\t\t\t\t\t\t\t<\/div>\n\t\t\t\t<\/div>\n\t\t\t\t<div class=\"elementor-element elementor-element-66411483 elementor-widget elementor-widget-text-editor\" data-id=\"66411483\" data-element_type=\"widget\" data-e-type=\"widget\" data-widget_type=\"text-editor.default\">\n\t\t\t\t<div class=\"elementor-widget-container\">\n\t\t\t\t\t\t\t\t\t<p><strong>Expertise<\/strong><\/p><p>CAD-Zeichnen<\/p><p>Bauantrag (LPH 1-4)<\/p><p>Ausf\u00fchrungsplanung (LPH 5)<\/p><p>Detailplanung<\/p><p><strong>Schwerpunkte in der Architektur<\/strong><\/p><p>Stadionbau<\/p><p>Mieterausbau (Gastronomie)<\/p><p>Mit Neugier, Pr\u00e4zision und Lernbereitschaft bringt Sandra L\u00fcbke frische Perspektiven ins Team und w\u00e4chst Schritt f\u00fcr Schritt in die vielseitigen Aufgaben des Berufs hinein.<\/p>\t\t\t\t\t\t\t\t<\/div>\n\t\t\t\t<\/div>\n\t\t\t\t\t<\/div>\n\t\t\t\t<\/div>\n\t\t\t\t<\/div>\n\t\t\t\t<\/div>\n\t\t","protected":false},"excerpt":{"rendered":"<p>SANDRA L\u00dcBKE Auszubildende Bauzeichnerin Sandra L\u00fcbke unterst\u00fctzt das Team engagiert als Auszubildende im Bereich Bauzeichnung. Bereits w\u00e4hrend ihrer Ausbildung bringt sie sich aktiv in verschiedene Projekte ein \u2013 von der CAD-Zeichnung \u00fcber die Entwurfs- und Genehmigungsplanung (LPH 1-4) bis hin zur Ausf\u00fchrungsplanung (LPH 5) und Detailentwicklung. Ihr besonderes Interesse gilt Projekten im Stadionbau sowie im Mieterausbau f\u00fcr Gastronomiefl\u00e4chen. Dabei sammelt sie wertvolle praktische Erfahrungen und erweitert kontinuierlich ihr technisches Wissen. Expertise CAD-Zeichnen Bauantrag (LPH 1-4) Ausf\u00fchrungsplanung (LPH 5) Detailplanung Schwerpunkte in der Architektur Stadionbau Mieterausbau (Gastronomie) Mit Neugier, Pr\u00e4zision und Lernbereitschaft bringt Sandra L\u00fcbke frische Perspektiven ins Team und w\u00e4chst Schritt f\u00fcr Schritt in die vielseitigen Aufgaben des Berufs hinein.<\/p>\n","protected":false},"author":6,"featured_media":0,"parent":3568,"menu_order":0,"comment_status":"closed","ping_status":"closed","template":"","meta":{"footnotes":""},"class_list":["post-3694","page","type-page","status-publish","hentry"],"_links":{"self":[{"href":"https:\/\/nw-architekten.com\/index.php?rest_route=\/wp\/v2\/pages\/3694","targetHints":{"allow":["GET"]}}],"collection":[{"href":"https:\/\/nw-architekten.com\/index.php?rest_route=\/wp\/v2\/pages"}],"about":[{"href":"https:\/\/nw-architekten.com\/index.php?rest_route=\/wp\/v2\/types\/page"}],"author":[{"embeddable":true,"href":"https:\/\/nw-architekten.com\/index.php?rest_route=\/wp\/v2\/users\/6"}],"replies":[{"embeddable":true,"href":"https:\/\/nw-architekten.com\/index.php?rest_route=%2Fwp%2Fv2%2Fcomments&post=3694"}],"version-history":[{"count":5,"href":"https:\/\/nw-architekten.com\/index.php?rest_route=\/wp\/v2\/pages\/3694\/revisions"}],"predecessor-version":[{"id":3736,"href":"https:\/\/nw-architekten.com\/index.php?rest_route=\/wp\/v2\/pages\/3694\/revisions\/3736"}],"up":[{"embeddable":true,"href":"https:\/\/nw-architekten.com\/index.php?rest_route=\/wp\/v2\/pages\/3568"}],"wp:attachment":[{"href":"https:\/\/nw-architekten.com\/index.php?rest_route=%2Fwp%2Fv2%2Fmedia&parent=3694"}],"curies":[{"name":"wp","href":"https:\/\/api.w.org\/{rel}","templated":true}]}}