{"id":3689,"date":"2025-06-13T11:29:32","date_gmt":"2025-06-13T11:29:32","guid":{"rendered":"https:\/\/nw-architekten.com\/?page_id=3689"},"modified":"2025-06-16T09:48:52","modified_gmt":"2025-06-16T09:48:52","slug":"ruben-weiner","status":"publish","type":"page","link":"https:\/\/nw-architekten.com\/?page_id=3689","title":{"rendered":"Ruben Weiner"},"content":{"rendered":"\t\t<div data-elementor-type=\"wp-page\" data-elementor-id=\"3689\" class=\"elementor elementor-3689\" data-elementor-post-type=\"page\">\n\t\t\t\t<div data-particle_enable=\"false\" data-particle-mobile-disabled=\"false\" class=\"elementor-element elementor-element-1a66c48b e-con-full big-text-overlay seite-gruen e-flex wpr-particle-no wpr-jarallax-no wpr-parallax-no wpr-sticky-section-no e-con e-parent\" data-id=\"1a66c48b\" data-element_type=\"container\" data-e-type=\"container\" data-settings=\"{&quot;background_background&quot;:&quot;gradient&quot;}\">\n\t\t\t\t<div class=\"elementor-element elementor-element-5cbcd800 mein-bild elementor-widget elementor-widget-image\" data-id=\"5cbcd800\" data-element_type=\"widget\" data-e-type=\"widget\" data-widget_type=\"image.default\">\n\t\t\t\t<div class=\"elementor-widget-container\">\n\t\t\t\t\t\t\t\t\t\t\t\t\t\t\t<img decoding=\"async\" src=\"https:\/\/nw-architekten.com\/wp-content\/uploads\/elementor\/thumbs\/Ruben-Weiner-rcy0gptdgso0shw8fa3zjf64qpdjsqscd5y2zh7r6g.png\" title=\"Ruben-Weiner.png\" alt=\"Ruben-Weiner.png\" loading=\"lazy\" \/>\t\t\t\t\t\t\t\t\t\t\t\t\t\t\t<\/div>\n\t\t\t\t<\/div>\n\t\t\t\t<div class=\"elementor-element elementor-element-17df99cf elementor-widget__width-inherit elementor-absolute elementor-widget elementor-widget-heading\" data-id=\"17df99cf\" data-element_type=\"widget\" data-e-type=\"widget\" data-settings=\"{&quot;_position&quot;:&quot;absolute&quot;}\" data-widget_type=\"heading.default\">\n\t\t\t\t<div class=\"elementor-widget-container\">\n\t\t\t\t\t<h2 class=\"elementor-heading-title elementor-size-default\">RUBEN WEINER<\/h2>\t\t\t\t<\/div>\n\t\t\t\t<\/div>\n\t\t<div data-particle_enable=\"false\" data-particle-mobile-disabled=\"false\" class=\"elementor-element elementor-element-76f2afae e-flex e-con-boxed wpr-particle-no wpr-jarallax-no wpr-parallax-no wpr-sticky-section-no e-con e-child\" data-id=\"76f2afae\" data-element_type=\"container\" data-e-type=\"container\">\n\t\t\t\t\t<div class=\"e-con-inner\">\n\t\t\t\t<div class=\"elementor-element elementor-element-21fa3818 elementor-widget elementor-widget-heading\" data-id=\"21fa3818\" data-element_type=\"widget\" data-e-type=\"widget\" data-widget_type=\"heading.default\">\n\t\t\t\t<div class=\"elementor-widget-container\">\n\t\t\t\t\t<h2 class=\"elementor-heading-title elementor-size-default\">Bauzeichner<\/h2>\t\t\t\t<\/div>\n\t\t\t\t<\/div>\n\t\t\t\t<div class=\"elementor-element elementor-element-5a446b7 elementor-widget elementor-widget-text-editor\" data-id=\"5a446b7\" data-element_type=\"widget\" data-e-type=\"widget\" data-widget_type=\"text-editor.default\">\n\t\t\t\t<div class=\"elementor-widget-container\">\n\t\t\t\t\t\t\t\t\t<p>Ruben Weiner unterst\u00fctzt das Team mit pr\u00e4zisem CAD-Zeichnen, Detailplanung und Visualisierungen. Er begleitet Projekte in den fr\u00fchen und ausf\u00fchrenden Leistungsphasen (LPH 1-5) und sorgt daf\u00fcr, dass Entw\u00fcrfe und Bauantr\u00e4ge technisch sauber und effizient umgesetzt werden.<\/p><p>Durch seine strukturierte Arbeitsweise und seinen Blick f\u00fcr Details tr\u00e4gt er wesentlich dazu bei, komplexe Bauprojekte klar und verst\u00e4ndlich zu visualisieren.<\/p>\t\t\t\t\t\t\t\t<\/div>\n\t\t\t\t<\/div>\n\t\t\t\t<div class=\"elementor-element elementor-element-5e3b571e elementor-widget elementor-widget-text-editor\" data-id=\"5e3b571e\" data-element_type=\"widget\" data-e-type=\"widget\" data-widget_type=\"text-editor.default\">\n\t\t\t\t<div class=\"elementor-widget-container\">\n\t\t\t\t\t\t\t\t\t<p><strong>Expertise<\/strong><\/p><p>CAD-Zeichnen<\/p><p>Bauantrag (LPH 1-4)<\/p><p>Ausf\u00fchrungsplanung (LPH 5)<\/p><p>Detailplanung<\/p><p>Visualisierungen<\/p><p><strong>Schwerpunkte in der Architektur<\/strong><\/p><p>Stadionbau<\/p><p>Mieterausbau<\/p><p>Ruben Weiner bringt technische Pr\u00e4zision und Kreativit\u00e4t in Einklang \u2013 f\u00fcr optimale Planungsergebnisse und reibungslose Abl\u00e4ufe in allen Projektphasen.<\/p>\t\t\t\t\t\t\t\t<\/div>\n\t\t\t\t<\/div>\n\t\t\t\t\t<\/div>\n\t\t\t\t<\/div>\n\t\t\t\t<\/div>\n\t\t\t\t<\/div>\n\t\t","protected":false},"excerpt":{"rendered":"<p>RUBEN WEINER Bauzeichner Ruben Weiner unterst\u00fctzt das Team mit pr\u00e4zisem CAD-Zeichnen, Detailplanung und Visualisierungen. Er begleitet Projekte in den fr\u00fchen und ausf\u00fchrenden Leistungsphasen (LPH 1-5) und sorgt daf\u00fcr, dass Entw\u00fcrfe und Bauantr\u00e4ge technisch sauber und effizient umgesetzt werden. Durch seine strukturierte Arbeitsweise und seinen Blick f\u00fcr Details tr\u00e4gt er wesentlich dazu bei, komplexe Bauprojekte klar und verst\u00e4ndlich zu visualisieren. Expertise CAD-Zeichnen Bauantrag (LPH 1-4) Ausf\u00fchrungsplanung (LPH 5) Detailplanung Visualisierungen Schwerpunkte in der Architektur Stadionbau Mieterausbau Ruben Weiner bringt technische Pr\u00e4zision und Kreativit\u00e4t in Einklang \u2013 f\u00fcr optimale Planungsergebnisse und reibungslose Abl\u00e4ufe in allen Projektphasen.<\/p>\n","protected":false},"author":6,"featured_media":0,"parent":3568,"menu_order":0,"comment_status":"closed","ping_status":"closed","template":"","meta":{"footnotes":""},"class_list":["post-3689","page","type-page","status-publish","hentry"],"_links":{"self":[{"href":"https:\/\/nw-architekten.com\/index.php?rest_route=\/wp\/v2\/pages\/3689","targetHints":{"allow":["GET"]}}],"collection":[{"href":"https:\/\/nw-architekten.com\/index.php?rest_route=\/wp\/v2\/pages"}],"about":[{"href":"https:\/\/nw-architekten.com\/index.php?rest_route=\/wp\/v2\/types\/page"}],"author":[{"embeddable":true,"href":"https:\/\/nw-architekten.com\/index.php?rest_route=\/wp\/v2\/users\/6"}],"replies":[{"embeddable":true,"href":"https:\/\/nw-architekten.com\/index.php?rest_route=%2Fwp%2Fv2%2Fcomments&post=3689"}],"version-history":[{"count":5,"href":"https:\/\/nw-architekten.com\/index.php?rest_route=\/wp\/v2\/pages\/3689\/revisions"}],"predecessor-version":[{"id":3735,"href":"https:\/\/nw-architekten.com\/index.php?rest_route=\/wp\/v2\/pages\/3689\/revisions\/3735"}],"up":[{"embeddable":true,"href":"https:\/\/nw-architekten.com\/index.php?rest_route=\/wp\/v2\/pages\/3568"}],"wp:attachment":[{"href":"https:\/\/nw-architekten.com\/index.php?rest_route=%2Fwp%2Fv2%2Fmedia&parent=3689"}],"curies":[{"name":"wp","href":"https:\/\/api.w.org\/{rel}","templated":true}]}}