{"id":3684,"date":"2025-06-13T11:29:22","date_gmt":"2025-06-13T11:29:22","guid":{"rendered":"https:\/\/nw-architekten.com\/?page_id=3684"},"modified":"2025-06-16T09:48:20","modified_gmt":"2025-06-16T09:48:20","slug":"paula-berntheusel","status":"publish","type":"page","link":"https:\/\/nw-architekten.com\/?page_id=3684","title":{"rendered":"Paula Berntheusel"},"content":{"rendered":"\t\t<div data-elementor-type=\"wp-page\" data-elementor-id=\"3684\" class=\"elementor elementor-3684\" data-elementor-post-type=\"page\">\n\t\t\t\t<div data-particle_enable=\"false\" data-particle-mobile-disabled=\"false\" class=\"elementor-element elementor-element-6789b053 e-con-full big-text-overlay e-flex wpr-particle-no wpr-jarallax-no wpr-parallax-no wpr-sticky-section-no e-con e-parent\" data-id=\"6789b053\" data-element_type=\"container\" data-e-type=\"container\" data-settings=\"{&quot;background_background&quot;:&quot;gradient&quot;}\">\n\t\t\t\t<div class=\"elementor-element elementor-element-7f6ec7dd mein-bild elementor-widget elementor-widget-image\" data-id=\"7f6ec7dd\" data-element_type=\"widget\" data-e-type=\"widget\" data-widget_type=\"image.default\">\n\t\t\t\t<div class=\"elementor-widget-container\">\n\t\t\t\t\t\t\t\t\t\t\t\t\t\t\t<img fetchpriority=\"high\" decoding=\"async\" width=\"1024\" height=\"768\" src=\"https:\/\/nw-architekten.com\/wp-content\/uploads\/2025\/06\/Paula-Berntheusel-2-1024x768.png\" class=\"attachment-large size-large wp-image-2826\" alt=\"\" srcset=\"https:\/\/nw-architekten.com\/wp-content\/uploads\/2025\/06\/Paula-Berntheusel-2-1024x768.png 1024w, https:\/\/nw-architekten.com\/wp-content\/uploads\/2025\/06\/Paula-Berntheusel-2-300x225.png 300w, https:\/\/nw-architekten.com\/wp-content\/uploads\/2025\/06\/Paula-Berntheusel-2-768x576.png 768w, https:\/\/nw-architekten.com\/wp-content\/uploads\/2025\/06\/Paula-Berntheusel-2-1536x1152.png 1536w, https:\/\/nw-architekten.com\/wp-content\/uploads\/2025\/06\/Paula-Berntheusel-2.png 1890w\" sizes=\"(max-width: 1024px) 100vw, 1024px\" \/>\t\t\t\t\t\t\t\t\t\t\t\t\t\t\t<\/div>\n\t\t\t\t<\/div>\n\t\t\t\t<div class=\"elementor-element elementor-element-7b4ab659 elementor-widget__width-inherit elementor-absolute elementor-widget elementor-widget-heading\" data-id=\"7b4ab659\" data-element_type=\"widget\" data-e-type=\"widget\" data-settings=\"{&quot;_position&quot;:&quot;absolute&quot;}\" data-widget_type=\"heading.default\">\n\t\t\t\t<div class=\"elementor-widget-container\">\n\t\t\t\t\t<h2 class=\"elementor-heading-title elementor-size-default\">PAULA BERNTHEUSEL<\/h2>\t\t\t\t<\/div>\n\t\t\t\t<\/div>\n\t\t<div data-particle_enable=\"false\" data-particle-mobile-disabled=\"false\" class=\"elementor-element elementor-element-279a0fd6 e-flex e-con-boxed wpr-particle-no wpr-jarallax-no wpr-parallax-no wpr-sticky-section-no e-con e-child\" data-id=\"279a0fd6\" data-element_type=\"container\" data-e-type=\"container\">\n\t\t\t\t\t<div class=\"e-con-inner\">\n\t\t\t\t<div class=\"elementor-element elementor-element-7de471af elementor-widget elementor-widget-heading\" data-id=\"7de471af\" data-element_type=\"widget\" data-e-type=\"widget\" data-widget_type=\"heading.default\">\n\t\t\t\t<div class=\"elementor-widget-container\">\n\t\t\t\t\t<h2 class=\"elementor-heading-title elementor-size-default\">Bauzeichnerin<\/h2>\t\t\t\t<\/div>\n\t\t\t\t<\/div>\n\t\t\t\t<div class=\"elementor-element elementor-element-7fe4b1fe elementor-widget elementor-widget-text-editor\" data-id=\"7fe4b1fe\" data-element_type=\"widget\" data-e-type=\"widget\" data-widget_type=\"text-editor.default\">\n\t\t\t\t<div class=\"elementor-widget-container\">\n\t\t\t\t\t\t\t\t\t<p>Paula Berntheusel unterst\u00fctzt das Team mit ihrer pr\u00e4zisen Arbeit in CAD-Zeichnung, Detailplanung sowie in der Entwurfs- und Ausf\u00fchrungsplanung. Sie begleitet Projekte routiniert durch die fr\u00fchen Leistungsphasen bis hin zur detaillierten Ausf\u00fchrungsplanung und sorgt f\u00fcr die technische Umsetzung komplexer Entw\u00fcrfe.<\/p><p>Ihr besonderer Fokus liegt auf Projekten im Stadionbau sowie im Mieterausbau, insbesondere f\u00fcr Gastronomiefl\u00e4chen. Dabei verbindet sie technisches Know-how mit einem sicheren Blick f\u00fcr funktionale und nutzerorientierte L\u00f6sungen.<\/p>\t\t\t\t\t\t\t\t<\/div>\n\t\t\t\t<\/div>\n\t\t\t\t<div class=\"elementor-element elementor-element-2627bb09 elementor-widget elementor-widget-text-editor\" data-id=\"2627bb09\" data-element_type=\"widget\" data-e-type=\"widget\" data-widget_type=\"text-editor.default\">\n\t\t\t\t<div class=\"elementor-widget-container\">\n\t\t\t\t\t\t\t\t\t<p><strong>Expertise<\/strong><\/p><p>CAD-Zeichnen<\/p><p>Bauantrag (LPH 1-4)<\/p><p>Ausf\u00fchrungsplanung (LPH 5)<\/p><p>Detailplanung<\/p><p><strong>Schwerpunkte in der Architektur<\/strong><\/p><p>Stadionbau<\/p><p>Mieterausbau (Gastronomie)<\/p><p>Mit Genauigkeit, Sorgfalt und technischer Kompetenz sorgt Paula Berntheusel daf\u00fcr, dass Entw\u00fcrfe Realit\u00e4t werden \u2013 effizient, verst\u00e4ndlich und pr\u00e4zise.<\/p>\t\t\t\t\t\t\t\t<\/div>\n\t\t\t\t<\/div>\n\t\t\t\t\t<\/div>\n\t\t\t\t<\/div>\n\t\t\t\t<\/div>\n\t\t\t\t<\/div>\n\t\t","protected":false},"excerpt":{"rendered":"<p>PAULA BERNTHEUSEL Bauzeichnerin Paula Berntheusel unterst\u00fctzt das Team mit ihrer pr\u00e4zisen Arbeit in CAD-Zeichnung, Detailplanung sowie in der Entwurfs- und Ausf\u00fchrungsplanung. Sie begleitet Projekte routiniert durch die fr\u00fchen Leistungsphasen bis hin zur detaillierten Ausf\u00fchrungsplanung und sorgt f\u00fcr die technische Umsetzung komplexer Entw\u00fcrfe. Ihr besonderer Fokus liegt auf Projekten im Stadionbau sowie im Mieterausbau, insbesondere f\u00fcr Gastronomiefl\u00e4chen. Dabei verbindet sie technisches Know-how mit einem sicheren Blick f\u00fcr funktionale und nutzerorientierte L\u00f6sungen. Expertise CAD-Zeichnen Bauantrag (LPH 1-4) Ausf\u00fchrungsplanung (LPH 5) Detailplanung Schwerpunkte in der Architektur Stadionbau Mieterausbau (Gastronomie) Mit Genauigkeit, Sorgfalt und technischer Kompetenz sorgt Paula Berntheusel daf\u00fcr, dass Entw\u00fcrfe Realit\u00e4t werden \u2013 effizient, verst\u00e4ndlich und pr\u00e4zise.<\/p>\n","protected":false},"author":6,"featured_media":0,"parent":3568,"menu_order":0,"comment_status":"closed","ping_status":"closed","template":"","meta":{"footnotes":""},"class_list":["post-3684","page","type-page","status-publish","hentry"],"_links":{"self":[{"href":"https:\/\/nw-architekten.com\/index.php?rest_route=\/wp\/v2\/pages\/3684","targetHints":{"allow":["GET"]}}],"collection":[{"href":"https:\/\/nw-architekten.com\/index.php?rest_route=\/wp\/v2\/pages"}],"about":[{"href":"https:\/\/nw-architekten.com\/index.php?rest_route=\/wp\/v2\/types\/page"}],"author":[{"embeddable":true,"href":"https:\/\/nw-architekten.com\/index.php?rest_route=\/wp\/v2\/users\/6"}],"replies":[{"embeddable":true,"href":"https:\/\/nw-architekten.com\/index.php?rest_route=%2Fwp%2Fv2%2Fcomments&post=3684"}],"version-history":[{"count":5,"href":"https:\/\/nw-architekten.com\/index.php?rest_route=\/wp\/v2\/pages\/3684\/revisions"}],"predecessor-version":[{"id":3734,"href":"https:\/\/nw-architekten.com\/index.php?rest_route=\/wp\/v2\/pages\/3684\/revisions\/3734"}],"up":[{"embeddable":true,"href":"https:\/\/nw-architekten.com\/index.php?rest_route=\/wp\/v2\/pages\/3568"}],"wp:attachment":[{"href":"https:\/\/nw-architekten.com\/index.php?rest_route=%2Fwp%2Fv2%2Fmedia&parent=3684"}],"curies":[{"name":"wp","href":"https:\/\/api.w.org\/{rel}","templated":true}]}}