{"id":3679,"date":"2025-06-13T11:29:14","date_gmt":"2025-06-13T11:29:14","guid":{"rendered":"https:\/\/nw-architekten.com\/?page_id=3679"},"modified":"2025-06-18T08:35:24","modified_gmt":"2025-06-18T08:35:24","slug":"maria-rangou","status":"publish","type":"page","link":"https:\/\/nw-architekten.com\/?page_id=3679","title":{"rendered":"Maria Rangou"},"content":{"rendered":"\t\t<div data-elementor-type=\"wp-page\" data-elementor-id=\"3679\" class=\"elementor elementor-3679\" data-elementor-post-type=\"page\">\n\t\t\t\t<div data-particle_enable=\"false\" data-particle-mobile-disabled=\"false\" class=\"elementor-element elementor-element-1b76d229 e-con-full big-text-overlay e-flex wpr-particle-no wpr-jarallax-no wpr-parallax-no wpr-sticky-section-no e-con e-parent\" data-id=\"1b76d229\" data-element_type=\"container\" data-e-type=\"container\" data-settings=\"{&quot;background_background&quot;:&quot;gradient&quot;}\">\n\t\t\t\t<div class=\"elementor-element elementor-element-65d15912 mein-bild elementor-widget elementor-widget-image\" data-id=\"65d15912\" data-element_type=\"widget\" data-e-type=\"widget\" data-widget_type=\"image.default\">\n\t\t\t\t<div class=\"elementor-widget-container\">\n\t\t\t\t\t\t\t\t\t\t\t\t\t\t\t<img decoding=\"async\" src=\"https:\/\/nw-architekten.com\/wp-content\/uploads\/elementor\/thumbs\/Maria-Rangou-2-rcy0ee5qkjhi379qzry6via3vetvrok8dnvv9unsk8.png\" title=\"Maria-Rangou-2.png\" alt=\"Maria-Rangou-2.png\" loading=\"lazy\" \/>\t\t\t\t\t\t\t\t\t\t\t\t\t\t\t<\/div>\n\t\t\t\t<\/div>\n\t\t\t\t<div class=\"elementor-element elementor-element-14e449ba elementor-widget__width-inherit elementor-absolute elementor-widget elementor-widget-heading\" data-id=\"14e449ba\" data-element_type=\"widget\" data-e-type=\"widget\" data-settings=\"{&quot;_position&quot;:&quot;absolute&quot;}\" data-widget_type=\"heading.default\">\n\t\t\t\t<div class=\"elementor-widget-container\">\n\t\t\t\t\t<h2 class=\"elementor-heading-title elementor-size-default\">MARIA RANGOU<\/h2>\t\t\t\t<\/div>\n\t\t\t\t<\/div>\n\t\t<div data-particle_enable=\"false\" data-particle-mobile-disabled=\"false\" class=\"elementor-element elementor-element-5fd91e3e e-flex e-con-boxed wpr-particle-no wpr-jarallax-no wpr-parallax-no wpr-sticky-section-no e-con e-child\" data-id=\"5fd91e3e\" data-element_type=\"container\" data-e-type=\"container\">\n\t\t\t\t\t<div class=\"e-con-inner\">\n\t\t\t\t<div class=\"elementor-element elementor-element-25fecb4e elementor-widget elementor-widget-heading\" data-id=\"25fecb4e\" data-element_type=\"widget\" data-e-type=\"widget\" data-widget_type=\"heading.default\">\n\t\t\t\t<div class=\"elementor-widget-container\">\n\t\t\t\t\t<h2 class=\"elementor-heading-title elementor-size-default\">Architektin<\/h2>\t\t\t\t<\/div>\n\t\t\t\t<\/div>\n\t\t\t\t<div class=\"elementor-element elementor-element-8fbc285 elementor-widget elementor-widget-text-editor\" data-id=\"8fbc285\" data-element_type=\"widget\" data-e-type=\"widget\" data-widget_type=\"text-editor.default\">\n\t\t\t\t<div class=\"elementor-widget-container\">\n\t\t\t\t\t\t\t\t\t<p>Maria Rangou bringt ihre umfassende Expertise in der Ausf\u00fchrungsplanung, im Konstruieren und in der Detailentwicklung in anspruchsvolle Bauprojekte ein. Mit ihrer Erfahrung in der Projektleitung steuert sie Projekte sicher und effizient durch alle Phasen \u2013 von der pr\u00e4zisen Planung bis zur Umsetzung vor Ort.<\/p><p>Ihr Schwerpunkt liegt im Bauen im Gesundheitswesen, in der Krankenhausarchitektur sowie in der Planung von Apotheken und Laboren nach GMP-Standard. Dar\u00fcber hinaus betreut sie Projekte im Bereich Ferienhaus- und Ferienwohnungsbau, bei denen sie Funktionalit\u00e4t und Wohnqualit\u00e4t harmonisch miteinander verbindet.<\/p>\t\t\t\t\t\t\t\t<\/div>\n\t\t\t\t<\/div>\n\t\t\t\t<div class=\"elementor-element elementor-element-46145ecc elementor-widget elementor-widget-text-editor\" data-id=\"46145ecc\" data-element_type=\"widget\" data-e-type=\"widget\" data-widget_type=\"text-editor.default\">\n\t\t\t\t<div class=\"elementor-widget-container\">\n\t\t\t\t\t\t\t\t\t<p><strong>Expertise<\/strong><\/p><p>Ausf\u00fchrungsplanung<\/p><p>Konstruieren &amp; Detailplanung (Entwicklung von Details)<\/p><p>Projektleitung<\/p><p><strong>Schwerpunkte in der Architektur<\/strong><\/p><p>Bauen im Gesundheitswesen (Altenpflegeheime, Geriatrische Rehazentren)<\/p><p>Krankenhausarchitektur<\/p><p>Apotheken<\/p><p>Labore (nach GMP-Standard)<\/p><p>Planung von Ferienh\u00e4usern und -wohnungen<\/p><p>Maria Rangou \u00fcberzeugt durch ihr technisches Know-how, ihre strukturierte Arbeitsweise und ihr Gesp\u00fcr f\u00fcr anspruchsvolle und funktionale Architektur.<\/p>\t\t\t\t\t\t\t\t<\/div>\n\t\t\t\t<\/div>\n\t\t\t\t\t<\/div>\n\t\t\t\t<\/div>\n\t\t\t\t<\/div>\n\t\t\t\t<\/div>\n\t\t","protected":false},"excerpt":{"rendered":"<p>MARIA RANGOU Architektin Maria Rangou bringt ihre umfassende Expertise in der Ausf\u00fchrungsplanung, im Konstruieren und in der Detailentwicklung in anspruchsvolle Bauprojekte ein. Mit ihrer Erfahrung in der Projektleitung steuert sie Projekte sicher und effizient durch alle Phasen \u2013 von der pr\u00e4zisen Planung bis zur Umsetzung vor Ort. Ihr Schwerpunkt liegt im Bauen im Gesundheitswesen, in der Krankenhausarchitektur sowie in der Planung von Apotheken und Laboren nach GMP-Standard. Dar\u00fcber hinaus betreut sie Projekte im Bereich Ferienhaus- und Ferienwohnungsbau, bei denen sie Funktionalit\u00e4t und Wohnqualit\u00e4t harmonisch miteinander verbindet. Expertise Ausf\u00fchrungsplanung Konstruieren &amp; Detailplanung (Entwicklung von Details) Projektleitung Schwerpunkte in der Architektur Bauen im Gesundheitswesen (Altenpflegeheime, Geriatrische Rehazentren) Krankenhausarchitektur Apotheken Labore (nach GMP-Standard) Planung von Ferienh\u00e4usern und -wohnungen Maria Rangou \u00fcberzeugt durch ihr technisches Know-how, ihre strukturierte Arbeitsweise und ihr Gesp\u00fcr f\u00fcr anspruchsvolle und funktionale Architektur.<\/p>\n","protected":false},"author":6,"featured_media":0,"parent":3568,"menu_order":0,"comment_status":"closed","ping_status":"closed","template":"","meta":{"footnotes":""},"class_list":["post-3679","page","type-page","status-publish","hentry"],"_links":{"self":[{"href":"https:\/\/nw-architekten.com\/index.php?rest_route=\/wp\/v2\/pages\/3679","targetHints":{"allow":["GET"]}}],"collection":[{"href":"https:\/\/nw-architekten.com\/index.php?rest_route=\/wp\/v2\/pages"}],"about":[{"href":"https:\/\/nw-architekten.com\/index.php?rest_route=\/wp\/v2\/types\/page"}],"author":[{"embeddable":true,"href":"https:\/\/nw-architekten.com\/index.php?rest_route=\/wp\/v2\/users\/6"}],"replies":[{"embeddable":true,"href":"https:\/\/nw-architekten.com\/index.php?rest_route=%2Fwp%2Fv2%2Fcomments&post=3679"}],"version-history":[{"count":5,"href":"https:\/\/nw-architekten.com\/index.php?rest_route=\/wp\/v2\/pages\/3679\/revisions"}],"predecessor-version":[{"id":3733,"href":"https:\/\/nw-architekten.com\/index.php?rest_route=\/wp\/v2\/pages\/3679\/revisions\/3733"}],"up":[{"embeddable":true,"href":"https:\/\/nw-architekten.com\/index.php?rest_route=\/wp\/v2\/pages\/3568"}],"wp:attachment":[{"href":"https:\/\/nw-architekten.com\/index.php?rest_route=%2Fwp%2Fv2%2Fmedia&parent=3679"}],"curies":[{"name":"wp","href":"https:\/\/api.w.org\/{rel}","templated":true}]}}