{"id":3674,"date":"2025-06-13T11:28:50","date_gmt":"2025-06-13T11:28:50","guid":{"rendered":"https:\/\/nw-architekten.com\/?page_id=3674"},"modified":"2025-06-16T09:47:31","modified_gmt":"2025-06-16T09:47:31","slug":"laura-offermann","status":"publish","type":"page","link":"https:\/\/nw-architekten.com\/?page_id=3674","title":{"rendered":"Laura Offermann"},"content":{"rendered":"\t\t<div data-elementor-type=\"wp-page\" data-elementor-id=\"3674\" class=\"elementor elementor-3674\" data-elementor-post-type=\"page\">\n\t\t\t\t<div data-particle_enable=\"false\" data-particle-mobile-disabled=\"false\" class=\"elementor-element elementor-element-873b23c e-con-full big-text-overlay e-flex wpr-particle-no wpr-jarallax-no wpr-parallax-no wpr-sticky-section-no e-con e-parent\" data-id=\"873b23c\" data-element_type=\"container\" data-e-type=\"container\" data-settings=\"{&quot;background_background&quot;:&quot;gradient&quot;}\">\n\t\t\t\t<div class=\"elementor-element elementor-element-5cf99277 mein-bild elementor-widget elementor-widget-image\" data-id=\"5cf99277\" data-element_type=\"widget\" data-e-type=\"widget\" data-widget_type=\"image.default\">\n\t\t\t\t<div class=\"elementor-widget-container\">\n\t\t\t\t\t\t\t\t\t\t\t\t\t\t\t<img decoding=\"async\" src=\"https:\/\/nw-architekten.com\/wp-content\/uploads\/elementor\/thumbs\/Laura-Offermann-2-rcy0cqxwlz8frrnrlkcp0f82g4xrar155isa1f3lg8.png\" title=\"Laura-Offermann-2.png\" alt=\"Laura-Offermann-2.png\" loading=\"lazy\" \/>\t\t\t\t\t\t\t\t\t\t\t\t\t\t\t<\/div>\n\t\t\t\t<\/div>\n\t\t\t\t<div class=\"elementor-element elementor-element-1f7ff52a elementor-widget__width-inherit elementor-absolute elementor-widget elementor-widget-heading\" data-id=\"1f7ff52a\" data-element_type=\"widget\" data-e-type=\"widget\" data-settings=\"{&quot;_position&quot;:&quot;absolute&quot;}\" data-widget_type=\"heading.default\">\n\t\t\t\t<div class=\"elementor-widget-container\">\n\t\t\t\t\t<h2 class=\"elementor-heading-title elementor-size-default\">LAURA OFFERMANN<\/h2>\t\t\t\t<\/div>\n\t\t\t\t<\/div>\n\t\t<div data-particle_enable=\"false\" data-particle-mobile-disabled=\"false\" class=\"elementor-element elementor-element-37f103a0 e-flex e-con-boxed wpr-particle-no wpr-jarallax-no wpr-parallax-no wpr-sticky-section-no e-con e-child\" data-id=\"37f103a0\" data-element_type=\"container\" data-e-type=\"container\">\n\t\t\t\t\t<div class=\"e-con-inner\">\n\t\t\t\t<div class=\"elementor-element elementor-element-1497a827 elementor-widget elementor-widget-heading\" data-id=\"1497a827\" data-element_type=\"widget\" data-e-type=\"widget\" data-widget_type=\"heading.default\">\n\t\t\t\t<div class=\"elementor-widget-container\">\n\t\t\t\t\t<h2 class=\"elementor-heading-title elementor-size-default\">Architektin<\/h2>\t\t\t\t<\/div>\n\t\t\t\t<\/div>\n\t\t\t\t<div class=\"elementor-element elementor-element-7da9f56d elementor-widget elementor-widget-text-editor\" data-id=\"7da9f56d\" data-element_type=\"widget\" data-e-type=\"widget\" data-widget_type=\"text-editor.default\">\n\t\t\t\t<div class=\"elementor-widget-container\">\n\t\t\t\t\t\t\t\t\t<p>Laura Offermann begleitet Projekte von der ersten Vision bis zur erfolgreichen Genehmigung. Ihr Schwerpunkt liegt in der Erstellung von Machbarkeitsstudien, kreativen Entwurfskonzepten sowie in der Bauantragsplanung. Dabei kombiniert sie Entwurfssicherheit mit einem klaren Blick f\u00fcr die Realisierbarkeit.<\/p><p>Ihre besondere Leidenschaft gilt der Planung von Reitanlagen, Pferdest\u00e4llen und Pferdesportanlagen, wobei sie Funktionalit\u00e4t und \u00c4sthetik f\u00fcr Mensch und Tier miteinander vereint. Dar\u00fcber hinaus betreut sie Projekte im Wohnungsbau sowie im Bereich Ferienh\u00e4user \u2013 stets mit dem Ziel, individuelle und nutzerorientierte L\u00f6sungen zu entwickeln.<\/p>\t\t\t\t\t\t\t\t<\/div>\n\t\t\t\t<\/div>\n\t\t\t\t<div class=\"elementor-element elementor-element-71c41d7f elementor-widget elementor-widget-text-editor\" data-id=\"71c41d7f\" data-element_type=\"widget\" data-e-type=\"widget\" data-widget_type=\"text-editor.default\">\n\t\t\t\t<div class=\"elementor-widget-container\">\n\t\t\t\t\t\t\t\t\t<p><strong>Expertise<\/strong><\/p><p>Machbarkeitsstudien<\/p><p>Entwurf<\/p><p>Bauantrag<\/p><p><strong>Schwerpunkte in der Architektur<\/strong><\/p><p>Reitanlagen, Pferdest\u00e4lle, Pferdesportanlagen<\/p><p>Wohnungsbau<\/p><p>Ferienh\u00e4user<\/p><p>Mit Kreativit\u00e4t, Pragmatismus und einem Gesp\u00fcr f\u00fcr die Besonderheiten jedes Projekts entwickelt Laura Offermann ma\u00dfgeschneiderte Architekturkonzepte, die \u00fcberzeugen.<\/p><p>\u00a0<\/p>\t\t\t\t\t\t\t\t<\/div>\n\t\t\t\t<\/div>\n\t\t\t\t\t<\/div>\n\t\t\t\t<\/div>\n\t\t\t\t<\/div>\n\t\t\t\t<\/div>\n\t\t","protected":false},"excerpt":{"rendered":"<p>LAURA OFFERMANN Architektin Laura Offermann begleitet Projekte von der ersten Vision bis zur erfolgreichen Genehmigung. Ihr Schwerpunkt liegt in der Erstellung von Machbarkeitsstudien, kreativen Entwurfskonzepten sowie in der Bauantragsplanung. Dabei kombiniert sie Entwurfssicherheit mit einem klaren Blick f\u00fcr die Realisierbarkeit. Ihre besondere Leidenschaft gilt der Planung von Reitanlagen, Pferdest\u00e4llen und Pferdesportanlagen, wobei sie Funktionalit\u00e4t und \u00c4sthetik f\u00fcr Mensch und Tier miteinander vereint. Dar\u00fcber hinaus betreut sie Projekte im Wohnungsbau sowie im Bereich Ferienh\u00e4user \u2013 stets mit dem Ziel, individuelle und nutzerorientierte L\u00f6sungen zu entwickeln. Expertise Machbarkeitsstudien Entwurf Bauantrag Schwerpunkte in der Architektur Reitanlagen, Pferdest\u00e4lle, Pferdesportanlagen Wohnungsbau Ferienh\u00e4user Mit Kreativit\u00e4t, Pragmatismus und einem Gesp\u00fcr f\u00fcr die Besonderheiten jedes Projekts entwickelt Laura Offermann ma\u00dfgeschneiderte Architekturkonzepte, die \u00fcberzeugen.<\/p>\n","protected":false},"author":6,"featured_media":0,"parent":3568,"menu_order":0,"comment_status":"closed","ping_status":"closed","template":"","meta":{"footnotes":""},"class_list":["post-3674","page","type-page","status-publish","hentry"],"_links":{"self":[{"href":"https:\/\/nw-architekten.com\/index.php?rest_route=\/wp\/v2\/pages\/3674","targetHints":{"allow":["GET"]}}],"collection":[{"href":"https:\/\/nw-architekten.com\/index.php?rest_route=\/wp\/v2\/pages"}],"about":[{"href":"https:\/\/nw-architekten.com\/index.php?rest_route=\/wp\/v2\/types\/page"}],"author":[{"embeddable":true,"href":"https:\/\/nw-architekten.com\/index.php?rest_route=\/wp\/v2\/users\/6"}],"replies":[{"embeddable":true,"href":"https:\/\/nw-architekten.com\/index.php?rest_route=%2Fwp%2Fv2%2Fcomments&post=3674"}],"version-history":[{"count":5,"href":"https:\/\/nw-architekten.com\/index.php?rest_route=\/wp\/v2\/pages\/3674\/revisions"}],"predecessor-version":[{"id":3732,"href":"https:\/\/nw-architekten.com\/index.php?rest_route=\/wp\/v2\/pages\/3674\/revisions\/3732"}],"up":[{"embeddable":true,"href":"https:\/\/nw-architekten.com\/index.php?rest_route=\/wp\/v2\/pages\/3568"}],"wp:attachment":[{"href":"https:\/\/nw-architekten.com\/index.php?rest_route=%2Fwp%2Fv2%2Fmedia&parent=3674"}],"curies":[{"name":"wp","href":"https:\/\/api.w.org\/{rel}","templated":true}]}}