{"id":3664,"date":"2025-06-13T11:28:10","date_gmt":"2025-06-13T11:28:10","guid":{"rendered":"https:\/\/nw-architekten.com\/?page_id=3664"},"modified":"2025-06-16T09:40:45","modified_gmt":"2025-06-16T09:40:45","slug":"christoph-bartram","status":"publish","type":"page","link":"https:\/\/nw-architekten.com\/?page_id=3664","title":{"rendered":"Christoph Bartram"},"content":{"rendered":"\t\t<div data-elementor-type=\"wp-page\" data-elementor-id=\"3664\" class=\"elementor elementor-3664\" data-elementor-post-type=\"page\">\n\t\t\t\t<div data-particle_enable=\"false\" data-particle-mobile-disabled=\"false\" class=\"elementor-element elementor-element-b78a3ed e-con-full big-text-overlay e-flex wpr-particle-no wpr-jarallax-no wpr-parallax-no wpr-sticky-section-no e-con e-parent\" data-id=\"b78a3ed\" data-element_type=\"container\" data-e-type=\"container\" data-settings=\"{&quot;background_background&quot;:&quot;gradient&quot;}\">\n\t\t\t\t<div class=\"elementor-element elementor-element-2da584db mein-bild elementor-widget elementor-widget-image\" data-id=\"2da584db\" data-element_type=\"widget\" data-e-type=\"widget\" data-widget_type=\"image.default\">\n\t\t\t\t<div class=\"elementor-widget-container\">\n\t\t\t\t\t\t\t\t\t\t\t\t\t\t\t<img decoding=\"async\" src=\"https:\/\/nw-architekten.com\/wp-content\/uploads\/elementor\/thumbs\/Christoph-Bartram-2-rcy09cqwjfzdngo4mjys2bhbqprutz5wam9qq5ddxo.png\" title=\"Christoph-Bartram-2.png\" alt=\"Christoph-Bartram-2.png\" loading=\"lazy\" \/>\t\t\t\t\t\t\t\t\t\t\t\t\t\t\t<\/div>\n\t\t\t\t<\/div>\n\t\t\t\t<div class=\"elementor-element elementor-element-2d83a5e2 elementor-widget__width-inherit elementor-absolute elementor-widget elementor-widget-heading\" data-id=\"2d83a5e2\" data-element_type=\"widget\" data-e-type=\"widget\" data-settings=\"{&quot;_position&quot;:&quot;absolute&quot;}\" data-widget_type=\"heading.default\">\n\t\t\t\t<div class=\"elementor-widget-container\">\n\t\t\t\t\t<h2 class=\"elementor-heading-title elementor-size-default\">CHRISTOPH BARTRAM<\/h2>\t\t\t\t<\/div>\n\t\t\t\t<\/div>\n\t\t<div data-particle_enable=\"false\" data-particle-mobile-disabled=\"false\" class=\"elementor-element elementor-element-d5d5f41 e-flex e-con-boxed wpr-particle-no wpr-jarallax-no wpr-parallax-no wpr-sticky-section-no e-con e-child\" data-id=\"d5d5f41\" data-element_type=\"container\" data-e-type=\"container\">\n\t\t\t\t\t<div class=\"e-con-inner\">\n\t\t\t\t<div class=\"elementor-element elementor-element-3a3f80a1 elementor-widget elementor-widget-heading\" data-id=\"3a3f80a1\" data-element_type=\"widget\" data-e-type=\"widget\" data-widget_type=\"heading.default\">\n\t\t\t\t<div class=\"elementor-widget-container\">\n\t\t\t\t\t<h2 class=\"elementor-heading-title elementor-size-default\">Architekt AK Rheinland-Pfalz<\/h2>\t\t\t\t<\/div>\n\t\t\t\t<\/div>\n\t\t\t\t<div class=\"elementor-element elementor-element-33696597 elementor-widget elementor-widget-text-editor\" data-id=\"33696597\" data-element_type=\"widget\" data-e-type=\"widget\" data-widget_type=\"text-editor.default\">\n\t\t\t\t<div class=\"elementor-widget-container\">\n\t\t\t\t\t\t\t\t\t<p>Christoph Bartram ist Spezialist f\u00fcr Ausf\u00fchrungsplanung, Konstruktion und Detailentwicklung. Mit seiner Erfahrung in der Projektleitung steuert er anspruchsvolle Bauprojekte sicher durch alle Phasen \u2013 von der Konzeptplanung bis zur pr\u00e4zisen Umsetzung vor Ort.<\/p><p>Seine besondere Expertise liegt im Bauen im Gesundheitswesen, in Krankenhausarchitektur sowie in der Planung von Apotheken und Laboren nach GMP-Standard. Dar\u00fcber hinaus betreut er Projekte im Bereich Ferienhaus- und Ferienwohnungsbau, bei denen er Funktionalit\u00e4t mit Wohlf\u00fchlatmosph\u00e4re kombiniert.<\/p>\t\t\t\t\t\t\t\t<\/div>\n\t\t\t\t<\/div>\n\t\t\t\t<div class=\"elementor-element elementor-element-17c19b3a elementor-widget elementor-widget-text-editor\" data-id=\"17c19b3a\" data-element_type=\"widget\" data-e-type=\"widget\" data-widget_type=\"text-editor.default\">\n\t\t\t\t<div class=\"elementor-widget-container\">\n\t\t\t\t\t\t\t\t\t<p><strong>Expertise<\/strong><\/p><p>Ausf\u00fchrungsplanung<\/p><p>Konstruieren &amp; Detailplanung (Entwicklung von Details)<\/p><p>Projektleitung<\/p><p><strong>Schwerpunkte in der Architektur<\/strong><\/p><p>Bauen im Gesundheitswesen (Altenpflegeheime, Geriatrische Rehazentren)<\/p><p>Krankenhausarchitektur<\/p><p>Apotheken<\/p><p>Labore (nach GMP-Standard)<\/p><p>Planung von Ferienh\u00e4usern und -wohnungen<\/p><p>Mit seinem technischen Know-how, seinem Gesp\u00fcr f\u00fcr funktionale L\u00f6sungen und seiner F\u00e4higkeit, komplexe Prozesse zu koordinieren, schafft Christoph Bartram nachhaltige Architektur, die Menschen dient.<\/p>\t\t\t\t\t\t\t\t<\/div>\n\t\t\t\t<\/div>\n\t\t\t\t\t<\/div>\n\t\t\t\t<\/div>\n\t\t\t\t<\/div>\n\t\t\t\t<\/div>\n\t\t","protected":false},"excerpt":{"rendered":"<p>CHRISTOPH BARTRAM Architekt AK Rheinland-Pfalz Christoph Bartram ist Spezialist f\u00fcr Ausf\u00fchrungsplanung, Konstruktion und Detailentwicklung. Mit seiner Erfahrung in der Projektleitung steuert er anspruchsvolle Bauprojekte sicher durch alle Phasen \u2013 von der Konzeptplanung bis zur pr\u00e4zisen Umsetzung vor Ort. Seine besondere Expertise liegt im Bauen im Gesundheitswesen, in Krankenhausarchitektur sowie in der Planung von Apotheken und Laboren nach GMP-Standard. Dar\u00fcber hinaus betreut er Projekte im Bereich Ferienhaus- und Ferienwohnungsbau, bei denen er Funktionalit\u00e4t mit Wohlf\u00fchlatmosph\u00e4re kombiniert. Expertise Ausf\u00fchrungsplanung Konstruieren &amp; Detailplanung (Entwicklung von Details) Projektleitung Schwerpunkte in der Architektur Bauen im Gesundheitswesen (Altenpflegeheime, Geriatrische Rehazentren) Krankenhausarchitektur Apotheken Labore (nach GMP-Standard) Planung von Ferienh\u00e4usern und -wohnungen Mit seinem technischen Know-how, seinem Gesp\u00fcr f\u00fcr funktionale L\u00f6sungen und seiner F\u00e4higkeit, komplexe Prozesse zu koordinieren, schafft Christoph Bartram nachhaltige Architektur, die Menschen dient.<\/p>\n","protected":false},"author":6,"featured_media":0,"parent":3568,"menu_order":0,"comment_status":"closed","ping_status":"closed","template":"","meta":{"footnotes":""},"class_list":["post-3664","page","type-page","status-publish","hentry"],"_links":{"self":[{"href":"https:\/\/nw-architekten.com\/index.php?rest_route=\/wp\/v2\/pages\/3664","targetHints":{"allow":["GET"]}}],"collection":[{"href":"https:\/\/nw-architekten.com\/index.php?rest_route=\/wp\/v2\/pages"}],"about":[{"href":"https:\/\/nw-architekten.com\/index.php?rest_route=\/wp\/v2\/types\/page"}],"author":[{"embeddable":true,"href":"https:\/\/nw-architekten.com\/index.php?rest_route=\/wp\/v2\/users\/6"}],"replies":[{"embeddable":true,"href":"https:\/\/nw-architekten.com\/index.php?rest_route=%2Fwp%2Fv2%2Fcomments&post=3664"}],"version-history":[{"count":5,"href":"https:\/\/nw-architekten.com\/index.php?rest_route=\/wp\/v2\/pages\/3664\/revisions"}],"predecessor-version":[{"id":3731,"href":"https:\/\/nw-architekten.com\/index.php?rest_route=\/wp\/v2\/pages\/3664\/revisions\/3731"}],"up":[{"embeddable":true,"href":"https:\/\/nw-architekten.com\/index.php?rest_route=\/wp\/v2\/pages\/3568"}],"wp:attachment":[{"href":"https:\/\/nw-architekten.com\/index.php?rest_route=%2Fwp%2Fv2%2Fmedia&parent=3664"}],"curies":[{"name":"wp","href":"https:\/\/api.w.org\/{rel}","templated":true}]}}