{"id":3573,"date":"2025-06-13T11:53:50","date_gmt":"2025-06-13T11:53:50","guid":{"rendered":"https:\/\/nw-architekten.com\/?page_id=3573"},"modified":"2025-08-19T08:00:54","modified_gmt":"2025-08-19T08:00:54","slug":"startseite","status":"publish","type":"page","link":"https:\/\/nw-architekten.com\/","title":{"rendered":"Startseite"},"content":{"rendered":"\t\t<div data-elementor-type=\"wp-page\" data-elementor-id=\"3573\" class=\"elementor elementor-3573\" data-elementor-post-type=\"page\">\n\t\t\t\t<div data-particle_enable=\"false\" data-particle-mobile-disabled=\"false\" class=\"elementor-element elementor-element-1d2f5772 stickey_circle_wrap e-flex e-con-boxed wpr-particle-no wpr-jarallax-no wpr-parallax-no wpr-sticky-section-no e-con e-parent\" data-id=\"1d2f5772\" data-element_type=\"container\" data-e-type=\"container\" data-settings=\"{&quot;background_background&quot;:&quot;classic&quot;}\">\n\t\t\t\t\t<div class=\"e-con-inner\">\n\t\t\t\t<div class=\"elementor-element elementor-element-25f10edd elementor-widget elementor-widget-html\" data-id=\"25f10edd\" data-element_type=\"widget\" data-e-type=\"widget\" data-widget_type=\"html.default\">\n\t\t\t\t<div class=\"elementor-widget-container\">\n\t\t\t\t\t<style>\r\n.circle {\r\n  width: 40em;\r\n  height: 30em;\r\n  border-radius: 20em;\r\n  overflow: hidden;\r\n  position: relative;\r\n}\r\n\r\n@media (max-width: 768px) {\r\n  .circle {\r\n    width: 10em;\r\n    height: 30em;\r\n    border-radius: 20em;\r\n  }\r\n}\r\n<\/style>\r\n\t\t\t\t<\/div>\n\t\t\t\t<\/div>\n\t\t<div data-particle_enable=\"false\" data-particle-mobile-disabled=\"false\" class=\"elementor-element elementor-element-15761b7e e-flex e-con-boxed wpr-particle-no wpr-jarallax-no wpr-parallax-no wpr-sticky-section-no e-con e-child\" data-id=\"15761b7e\" data-element_type=\"container\" data-e-type=\"container\" data-settings=\"{&quot;background_background&quot;:&quot;classic&quot;}\">\n\t\t\t\t\t<div class=\"e-con-inner\">\n\t\t\t\t<div class=\"elementor-element elementor-element-45946900 elementor-widget-divider--view-line_text elementor-widget-divider--element-align-center elementor-widget elementor-widget-divider\" data-id=\"45946900\" data-element_type=\"widget\" data-e-type=\"widget\" data-widget_type=\"divider.default\">\n\t\t\t\t<div class=\"elementor-widget-container\">\n\t\t\t\t\t\t\t<div class=\"elementor-divider\">\n\t\t\t<span class=\"elementor-divider-separator\">\n\t\t\t\t\t\t\t<span class=\"elementor-divider__text elementor-divider__element\">\n\t\t\t\tWillkommen bei NW Architekten\t\t\t\t<\/span>\n\t\t\t\t\t\t<\/span>\n\t\t<\/div>\n\t\t\t\t\t\t<\/div>\n\t\t\t\t<\/div>\n\t\t\t\t<div class=\"elementor-element elementor-element-1f8750d7 elementor-widget elementor-widget-heading\" data-id=\"1f8750d7\" data-element_type=\"widget\" data-e-type=\"widget\" data-widget_type=\"heading.default\">\n\t\t\t\t<div class=\"elementor-widget-container\">\n\t\t\t\t\t<h2 class=\"elementor-heading-title elementor-size-default\">Wir leben Architektur.<\/h2>\t\t\t\t<\/div>\n\t\t\t\t<\/div>\n\t\t\t\t<div class=\"elementor-element elementor-element-40d4dfd6 elementor-widget elementor-widget-text-editor\" data-id=\"40d4dfd6\" data-element_type=\"widget\" data-e-type=\"widget\" data-widget_type=\"text-editor.default\">\n\t\t\t\t<div class=\"elementor-widget-container\">\n\t\t\t\t\t\t\t\t\t<p>Inspiration ist der Motor f\u00fcr Kreativit\u00e4t und Innovation.<\/p><p>Was wir planen, wollen wir auch bauen. Wir wollen Ihnen dabei das Leben so leicht wie m\u00f6glich machen.<\/p><p>Vertrauen Sie unserer Expertise und unserer Erfahrung.<\/p><p>Lassen Sie uns gemeinsam an Ihrem n\u00e4chsten Projekt arbeiten.<\/p>\t\t\t\t\t\t\t\t<\/div>\n\t\t\t\t<\/div>\n\t\t\t\t\t<\/div>\n\t\t\t\t<\/div>\n\t\t\t\t\t<\/div>\n\t\t\t\t<\/div>\n\t\t<div data-particle_enable=\"false\" data-particle-mobile-disabled=\"false\" class=\"elementor-element elementor-element-40af7fe1 stickey_circle_wrap e-flex e-con-boxed wpr-particle-no wpr-jarallax-no wpr-parallax-no wpr-sticky-section-no e-con e-parent\" data-id=\"40af7fe1\" data-element_type=\"container\" data-e-type=\"container\">\n\t\t\t\t\t<div class=\"e-con-inner\">\n\t\t<div data-particle_enable=\"false\" data-particle-mobile-disabled=\"false\" class=\"elementor-element elementor-element-7b9be2cf e-con-full e-flex wpr-particle-no wpr-jarallax-no wpr-parallax-no wpr-sticky-section-no e-con e-child\" data-id=\"7b9be2cf\" data-element_type=\"container\" data-e-type=\"container\" data-settings=\"{&quot;sticky&quot;:&quot;top&quot;,&quot;sticky_offset&quot;:100,&quot;sticky_effects_offset&quot;:100,&quot;sticky_parent&quot;:&quot;yes&quot;,&quot;sticky_on&quot;:[&quot;desktop&quot;,&quot;tablet&quot;,&quot;mobile&quot;],&quot;sticky_anchor_link_offset&quot;:0}\">\n\t\t<div data-particle_enable=\"false\" data-particle-mobile-disabled=\"false\" class=\"elementor-element elementor-element-6889e222 circle e-flex e-con-boxed wpr-particle-no wpr-jarallax-no wpr-parallax-no wpr-sticky-section-no e-con e-child\" data-id=\"6889e222\" data-element_type=\"container\" data-e-type=\"container\" data-settings=\"{&quot;background_background&quot;:&quot;classic&quot;}\">\n\t\t\t\t\t<div class=\"e-con-inner\">\n\t\t\t\t\t<\/div>\n\t\t\t\t<\/div>\n\t\t\t\t<\/div>\n\t\t\t\t<div class=\"elementor-element elementor-element-66245990 elementor-widget elementor-widget-html\" data-id=\"66245990\" data-element_type=\"widget\" data-e-type=\"widget\" data-widget_type=\"html.default\">\n\t\t\t\t<div class=\"elementor-widget-container\">\n\t\t\t\t\t<script src=\"https:\/\/cdnjs.cloudflare.com\/ajax\/libs\/jquery\/3.7.1\/jquery.min.js\"><\/script>\r\n<script src=\"https:\/\/cdnjs.cloudflare.com\/ajax\/libs\/gsap\/3.8.0\/gsap.min.js\"><\/script>\r\n<script src=\"https:\/\/cdnjs.cloudflare.com\/ajax\/libs\/gsap\/3.8.0\/ScrollTrigger.min.js\"><\/script>\r\n\r\n<script>\r\n  $(window).on(\"load\", function () {\r\n    gsap.registerPlugin(ScrollTrigger);\r\n    ScrollTrigger.defaults({ markers: false });\r\n\r\n    $(\".stickey_circle_wrap\").each(function () {\r\n      const triggerElement = this;\r\n      const targetElement = $(this).find(\".circle\");\r\n      const images = targetElement.find(\".image\");\r\n      const imageCount = images.length;\r\n\r\n      \/\/ Initial Animation Timeline\r\n      let tl = gsap.timeline({\r\n        scrollTrigger: {\r\n          trigger: triggerElement,\r\n          start: \"top top\",\r\n          end: \"bottom bottom\",\r\n          scrub: 1\r\n        }\r\n      });\r\n\r\n      \/\/ Mobile \/ Desktop Breakpoints\r\n      const isMobile = window.matchMedia(\"(max-width: 768px)\").matches;\r\n\r\n      const fromStyles = isMobile\r\n        ? { width: \"10em\", height: \"30em\", borderRadius: \"20em\" }\r\n        : { width: \"40em\", height: \"30em\", borderRadius: \"20em\" };\r\n\r\n      const toStyles = {\r\n        width: \"100%\",\r\n        height: \"90vh\",\r\n        borderRadius: \"0px\",\r\n        immediateRender: false\r\n      };\r\n\r\n      \/\/ Animation\r\n      tl.fromTo(targetElement, fromStyles, toStyles);\r\n\r\n      \/\/ Scroll-abh\u00e4ngiger Bildwechsel\r\n      ScrollTrigger.create({\r\n        trigger: triggerElement,\r\n        start: \"top top\",\r\n        end: \"bottom bottom\",\r\n        scrub: 1,\r\n        onUpdate: (self) => {\r\n          const index = Math.min(\r\n            imageCount - 1,\r\n            Math.floor(self.progress * imageCount)\r\n          );\r\n          images.removeClass(\"active\");\r\n          $(images[index]).addClass(\"active\");\r\n        }\r\n      });\r\n    });\r\n  });\r\n<\/script>\r\n\r\n\t\t\t\t<\/div>\n\t\t\t\t<\/div>\n\t\t\t\t\t<\/div>\n\t\t\t\t<\/div>\n\t\t\t\t<\/div>\n\t\t","protected":false},"excerpt":{"rendered":"<p>Willkommen bei NW Architekten Wir leben Architektur. Inspiration ist der Motor f\u00fcr Kreativit\u00e4t und Innovation. Was wir planen, wollen wir auch bauen. Wir wollen Ihnen dabei das Leben so leicht wie m\u00f6glich machen. Vertrauen Sie unserer Expertise und unserer Erfahrung. Lassen Sie uns gemeinsam an Ihrem n\u00e4chsten Projekt arbeiten.<\/p>\n","protected":false},"author":6,"featured_media":0,"parent":0,"menu_order":0,"comment_status":"closed","ping_status":"closed","template":"","meta":{"footnotes":""},"class_list":["post-3573","page","type-page","status-publish","hentry"],"_links":{"self":[{"href":"https:\/\/nw-architekten.com\/index.php?rest_route=\/wp\/v2\/pages\/3573","targetHints":{"allow":["GET"]}}],"collection":[{"href":"https:\/\/nw-architekten.com\/index.php?rest_route=\/wp\/v2\/pages"}],"about":[{"href":"https:\/\/nw-architekten.com\/index.php?rest_route=\/wp\/v2\/types\/page"}],"author":[{"embeddable":true,"href":"https:\/\/nw-architekten.com\/index.php?rest_route=\/wp\/v2\/users\/6"}],"replies":[{"embeddable":true,"href":"https:\/\/nw-architekten.com\/index.php?rest_route=%2Fwp%2Fv2%2Fcomments&post=3573"}],"version-history":[{"count":23,"href":"https:\/\/nw-architekten.com\/index.php?rest_route=\/wp\/v2\/pages\/3573\/revisions"}],"predecessor-version":[{"id":3839,"href":"https:\/\/nw-architekten.com\/index.php?rest_route=\/wp\/v2\/pages\/3573\/revisions\/3839"}],"wp:attachment":[{"href":"https:\/\/nw-architekten.com\/index.php?rest_route=%2Fwp%2Fv2%2Fmedia&parent=3573"}],"curies":[{"name":"wp","href":"https:\/\/api.w.org\/{rel}","templated":true}]}}