{"id":3568,"date":"2025-06-13T09:11:35","date_gmt":"2025-06-13T09:11:35","guid":{"rendered":"https:\/\/nw-architekten.com\/?page_id=3568"},"modified":"2025-10-10T08:26:40","modified_gmt":"2025-10-10T08:26:40","slug":"team","status":"publish","type":"page","link":"https:\/\/nw-architekten.com\/?page_id=3568","title":{"rendered":"Team"},"content":{"rendered":"\t\t<div data-elementor-type=\"wp-page\" data-elementor-id=\"3568\" class=\"elementor elementor-3568\" data-elementor-post-type=\"page\">\n\t\t\t\t<div data-particle_enable=\"false\" data-particle-mobile-disabled=\"false\" class=\"elementor-element elementor-element-50ce05b1 e-con-full e-flex wpr-particle-no wpr-jarallax-no wpr-parallax-no wpr-sticky-section-no e-con e-parent\" data-id=\"50ce05b1\" data-element_type=\"container\" data-e-type=\"container\" data-settings=\"{&quot;background_background&quot;:&quot;classic&quot;}\">\n\t\t\t\t<div class=\"elementor-element elementor-element-6d95742f elementor-absolute elementor-widget elementor-widget-heading\" data-id=\"6d95742f\" data-element_type=\"widget\" data-e-type=\"widget\" data-settings=\"{&quot;_position&quot;:&quot;absolute&quot;}\" data-widget_type=\"heading.default\">\n\t\t\t\t<div class=\"elementor-widget-container\">\n\t\t\t\t\t<h2 class=\"elementor-heading-title elementor-size-default\">WIR SIND<\/h2>\t\t\t\t<\/div>\n\t\t\t\t<\/div>\n\t\t\t\t<div class=\"elementor-element elementor-element-394e4bc2 elementor-headline--style-rotate elementor-absolute elementor-widget elementor-widget-animated-headline\" data-id=\"394e4bc2\" data-element_type=\"widget\" data-e-type=\"widget\" data-settings=\"{&quot;headline_style&quot;:&quot;rotate&quot;,&quot;animation_type&quot;:&quot;drop-in&quot;,&quot;rotating_text&quot;:&quot;EIN TEAM.&quot;,&quot;_position&quot;:&quot;absolute&quot;,&quot;loop&quot;:&quot;yes&quot;,&quot;rotate_iteration_delay&quot;:2500}\" data-widget_type=\"animated-headline.default\">\n\t\t\t\t<div class=\"elementor-widget-container\">\n\t\t\t\t\t\t\t<h3 class=\"elementor-headline elementor-headline-animation-type-drop-in\">\n\t\t\t\t<span class=\"elementor-headline-dynamic-wrapper elementor-headline-text-wrapper\">\n\t\t\t\t\t<span class=\"elementor-headline-dynamic-text elementor-headline-text-active\">\n\t\t\t\tEIN&nbsp;TEAM.\t\t\t<\/span>\n\t\t\t\t\t\t<\/span>\n\t\t\t\t<\/h3>\n\t\t\t\t\t\t<\/div>\n\t\t\t\t<\/div>\n\t\t\t\t<\/div>\n\t\t<div data-particle_enable=\"false\" data-particle-mobile-disabled=\"false\" class=\"elementor-element elementor-element-544fac3e e-con-full e-flex wpr-particle-no wpr-jarallax-no wpr-parallax-no wpr-sticky-section-no e-con e-parent\" data-id=\"544fac3e\" data-element_type=\"container\" data-e-type=\"container\" data-settings=\"{&quot;background_background&quot;:&quot;classic&quot;}\">\n\t\t\t\t<div class=\"elementor-element elementor-element-725f0766 elementor-widget elementor-widget-text-editor\" data-id=\"725f0766\" data-element_type=\"widget\" data-e-type=\"widget\" data-widget_type=\"text-editor.default\">\n\t\t\t\t<div class=\"elementor-widget-container\">\n\t\t\t\t\t\t\t\t\t<p>In unserem Leben und in unserer Arbeitsweise ist der Teamgedanke von zentraler Bedeutung, nicht nur intern, sondern auch extern. Der Gedanke \u201eNur zusammen k\u00f6nnen wir es schaffen\u201c ist f\u00fcr uns daher nicht nur eine rhetorische Floskel, sondern eine notwendige praktische Realit\u00e4t. Bauaufgaben werden immer komplexer. Jeder wird gebraucht. Die erfolgreichsten Projekte sind immer das Ergebnis einer engen Zusammenarbeit und des Austauschs von Ideen und Fachwissen. Die Realisierung eines Bauprojekts erfordert die Zusammenarbeit verschiedenster Fachleute, von Architekten \u00fcber Ingenieure, Handwerkern, Sachverst\u00e4ndigen und nat\u00fcrlich Bauherrn und Nutzern. Jeder bringt seine speziellen F\u00e4higkeiten und Perspektiven ein, und erst durch diesen kollektiven Einsatz wird aus einer Idee ein Geb\u00e4ude. Die Gegenwart und die Zukunft des Bauens liegt in der Kooperation\u201c<\/p>\t\t\t\t\t\t\t\t<\/div>\n\t\t\t\t<\/div>\n\t\t\t\t<div class=\"elementor-element elementor-element-42a3d900 elementor-widget elementor-widget-heading\" data-id=\"42a3d900\" data-element_type=\"widget\" data-e-type=\"widget\" data-widget_type=\"heading.default\">\n\t\t\t\t<div class=\"elementor-widget-container\">\n\t\t\t\t\t<h2 class=\"elementor-heading-title elementor-size-default\">Lernen Sie uns kennen<\/h2>\t\t\t\t<\/div>\n\t\t\t\t<\/div>\n\t\t\t\t<div class=\"elementor-element elementor-element-58d20532 elementor-widget elementor-widget-html\" data-id=\"58d20532\" data-element_type=\"widget\" data-e-type=\"widget\" data-widget_type=\"html.default\">\n\t\t\t\t<div class=\"elementor-widget-container\">\n\t\t\t\t\t<div class=\"wputopia-hover-module\">\r\n  <div class=\"wputopia-cards-container\">\r\n    <!-- Balken 1 -->\r\n    <div class=\"wputopia-card\" data-active=\"false\">\r\n      <div class=\"wputopia-card-content\">\r\n        <h3>Carsten Nawrath<\/h3>\r\n        <p>Architekt\r\nGesch\u00e4ftsf\u00fchrer und Gr\u00fcnder<\/p>\r\n        <a href=\"?page_id=3587\" class=\"wputopia-card-link\">Mehr \u00fcber mich<\/a>\r\n        <img decoding=\"async\" src=\"https:\/\/spielwiese.nw-architekten.com\/wp-content\/uploads\/2024\/12\/CN.jpg\" alt=\"Carsten Nawrath\" \/>\r\n      <\/div>\r\n    <\/div>\r\n\r\n    <!-- Balken 2 -->\r\n    <div class=\"wputopia-card\" data-active=\"false\">\r\n      <div class=\"wputopia-card-content\">\r\n        <h3>Heidrun Weitz<\/h3>\r\n        <p>Architektin\r\nGesch\u00e4ftsf\u00fchrerin und Gr\u00fcnderin<\/p>\r\n        <a href=\"?page_id=3669\" class=\"wputopia-card-link\">Mehr \u00fcber mich<\/a>\r\n        <img decoding=\"async\" src=\"https:\/\/spielwiese.nw-architekten.com\/wp-content\/uploads\/2025\/05\/weitz-heidrun-036-scaled.jpg\" alt=\"Heidrun Weitz\" \/>\r\n      <\/div>\r\n    <\/div>\r\n\r\n    <!-- Balken 3 -->\r\n    <div class=\"wputopia-card\" data-active=\"false\">\r\n      <div class=\"wputopia-card-content\">\r\n        <h3>Christoph Bartram<\/h3>\r\n        <p>Architekt AK Rheinland-Pfalz<\/p>\r\n        <a href=\"?page_id=3664\" class=\"wputopia-card-link\">Mehr \u00fcber mich<\/a>\r\n        <img decoding=\"async\" src=\"https:\/\/spielwiese.nw-architekten.com\/wp-content\/uploads\/2025\/05\/Image-5.jpg\" \/>\r\n      <\/div>\r\n    <\/div>\r\n\r\n    <!-- Balken 4 -->\r\n    <div class=\"wputopia-card\" data-active=\"false\">\r\n      <div class=\"wputopia-card-content\">\r\n        <h3>Valentina Zuluaga<\/h3>\r\n        <p>Innenarchitektin<\/p>\r\n        <a href=\"?page_id=3699\" class=\"wputopia-card-link\">Mehr \u00fcber mich<\/a>\r\n        <img decoding=\"async\" src=\"https:\/\/spielwiese.nw-architekten.com\/wp-content\/uploads\/2025\/05\/Image-12.jpg\" \/>\r\n      <\/div>\r\n    <\/div>\r\n\r\n    <!-- Balken 5 -->\r\n    <div class=\"wputopia-card\" data-active=\"false\">\r\n      <div class=\"wputopia-card-content\">\r\n        <h3>Laura Offerman<\/h3>\r\n        <p>Architektin<\/p>\r\n        <a href=\"?page_id=3674\" class=\"wputopia-card-link\">Mehr \u00fcber mich<\/a>\r\n        <img decoding=\"async\" src=\"https:\/\/spielwiese.nw-architekten.com\/wp-content\/uploads\/2025\/05\/Image-10-1.jpg\" alt=\"Laura Offerman\" \/>\r\n      <\/div>\r\n    <\/div>\r\n\r\n    <!-- Balken 6 -->\r\n    <div class=\"wputopia-card\" data-active=\"false\">\r\n      <div class=\"wputopia-card-content\">\r\n        <h3>Paula Berntheusel<\/h3>\r\n        <p>Bauzeichnerin<\/p>\r\n        <a href=\"?page_id=3684\" class=\"wputopia-card-link\">Mehr \u00fcber mich<\/a>\r\n        <img decoding=\"async\" src=\"https:\/\/spielwiese.nw-architekten.com\/wp-content\/uploads\/2025\/05\/Image-9.jpg\" alt=\"Paula Berntheusel\" \/>\r\n      <\/div>\r\n    <\/div>\r\n\r\n    <!-- Balken 7 -->\r\n    <div class=\"wputopia-card\" data-active=\"false\">\r\n      <div class=\"wputopia-card-content\">\r\n        <h3>Sandra L\u00fcbke<\/h3>\r\n        <p>Auszubildende Bauzeichnerin<\/p>\r\n        <a href=\"?page_id=3694\" class=\"wputopia-card-link\">Mehr \u00fcber mich<\/a>\r\n        <img decoding=\"async\" src=\"https:\/\/spielwiese.nw-architekten.com\/wp-content\/uploads\/2024\/12\/SL-scaled-e1734096371867.jpg\" alt=\"Sandra L\u00fcbke\" \/>\r\n      <\/div>\r\n    <\/div>\r\n\r\n    <!-- Balken 8 - Ruben Weiner (angepasst) -->\r\n    <div class=\"wputopia-card\" data-active=\"false\">\r\n      <div class=\"wputopia-card-content\">\r\n        <h3>Ruben Weiner<\/h3>\r\n        <p>Bauzeichner<\/p>\r\n        <a href=\"?page_id=3689\" class=\"wputopia-card-link\">Mehr \u00fcber mich<\/a>\r\n        <img decoding=\"async\" src=\"https:\/\/spielwiese.nw-architekten.com\/wp-content\/uploads\/2025\/05\/Image-13-1.jpg\" alt=\"Ruben Weiner\" \/>\r\n      <\/div>\r\n    <\/div>\r\n\r\n    <!-- Balken 9 -->\r\n    <div class=\"wputopia-card\" data-active=\"false\">\r\n      <div class=\"wputopia-card-content\">\r\n        <h3>Maria Rangou<\/h3>\r\n        <p>Architektin AK Hessen<\/p>\r\n        <a href=\"?page_id=3679\" class=\"wputopia-card-link\">Mehr \u00fcber mich<\/a>\r\n        <img decoding=\"async\" src=\"https:\/\/spielwiese.nw-architekten.com\/wp-content\/uploads\/2025\/05\/Image-11.jpg\" alt=\"Maria Rangou\" \/>\r\n      <\/div>\r\n    <\/div>\r\n  <\/div>\r\n<\/div>\r\n\t\t\t\t<\/div>\n\t\t\t\t<\/div>\n\t\t\t\t<div class=\"elementor-element elementor-element-7e890518 elementor-widget elementor-widget-html\" data-id=\"7e890518\" data-element_type=\"widget\" data-e-type=\"widget\" data-widget_type=\"html.default\">\n\t\t\t\t<div class=\"elementor-widget-container\">\n\t\t\t\t\t<style>\r\n  * {\r\n    margin: 0;\r\n    padding: 0;\r\n    box-sizing: border-box;\r\n  }\r\n\r\n  .wputopia-hover-module {\r\n    --wputopia-transition-speed: 0.6s;\r\n    --wputopia-transition-ease: cubic-bezier(0.4, 0, 0.2, 1);\r\n    --wputopia-card-gap: 1rem;\r\n    --wputopia-card-width: 80px;\r\n    --wputopia-card-expanded-width: 400px;\r\n    font-family: system-ui, -apple-system, sans-serif;\r\n    min-height: 500px;\r\n    display: flex;\r\n    flex-direction: column;\r\n    align-items: center;\r\n    padding: 2rem;\r\n    background: transparent;\r\n  }\r\n\r\n  .wputopia-cards-container {\r\n    display: flex;\r\n    gap: var(--wputopia-card-gap);\r\n    max-width: 100%;\r\n    overflow-x: auto;\r\n    padding: 1rem;\r\n    height: 500px;\r\n    -webkit-overflow-scrolling: touch;\r\n    scrollbar-width: thin;\r\n  }\r\n\r\n  .wputopia-card {\r\n    position: relative;\r\n    min-width: var(--wputopia-card-width);\r\n    width: var(--wputopia-card-width);\r\n    height: 100%;\r\n    background: white;\r\n    border-radius: 12px;\r\n    overflow: hidden;\r\n    transition: width var(--wputopia-transition-speed) var(--wputopia-transition-ease);\r\n    box-shadow: 0 4px 6px rgba(0, 0, 0, 0.1);\r\n    cursor: pointer;\r\n    flex-shrink: 0;\r\n  }\r\n\r\n  .wputopia-card[data-active=\"true\"] {\r\n    width: var(--wputopia-card-expanded-width);\r\n    cursor: default;\r\n  }\r\n\r\n  .wputopia-card-content {\r\n    position: absolute;\r\n    width: var(--wputopia-card-expanded-width);\r\n    height: 100%;\r\n    padding: 2rem;\r\n    display: flex;\r\n    flex-direction: column;\r\n    justify-content: flex-end;\r\n  }\r\n\r\n  .wputopia-card h3 {\r\n    position: unset;\r\n    font-size: 1.5rem;\r\n    margin-bottom: 1rem;\r\n    transform: translate(-50%, -50%) rotate(90deg);\r\n    transform-origin: center center;\r\n    transition: all var(--wputopia-transition-speed) var(--wputopia-transition-ease);\r\n    color: white;\r\n    z-index: 2;\r\n    white-space: nowrap;\r\n    text-transform: uppercase;\r\n    font-weight: 600;\r\n    letter-spacing: 1px;\r\n    text-shadow: 0 1px 3px rgba(0, 0, 0, 0.3);\r\n  }\r\n\r\n  .wputopia-card p,\r\n  .wputopia-card-link {\r\n    opacity: 0;\r\n    transform: translateY(20px);\r\n    transition: all var(--wputopia-transition-speed) var(--wputopia-transition-ease);\r\n    color: white;\r\n    z-index: 1;\r\n  }\r\n\r\n  .wputopia-card-link:hover {\r\n    border-bottom-color: white;\r\n  }\r\n\r\n  .wputopia-card img {\r\n    position: absolute;\r\n    top: 0;\r\n    left: 0;\r\n    width: 100%;\r\n    height: 100%;\r\n    object-fit: cover;\r\n    filter: grayscale(100%) brightness(0.7);\r\n    transition:\r\n      transform var(--wputopia-transition-speed) var(--wputopia-transition-ease),\r\n      filter var(--wputopia-transition-speed) var(--wputopia-transition-ease);\r\n  }\r\n\r\n  .wputopia-card[data-active=\"true\"] h3 {\r\n    position: relative;\r\n    transform: translateY(0) rotate(0);\r\n    font-size: 1.5rem;\r\n    text-transform: none;\r\n    letter-spacing: normal;\r\n    margin-bottom: 1rem;\r\n  }\r\n\r\n  .wputopia-card[data-active=\"true\"] p,\r\n  .wputopia-card[data-active=\"true\"] .wputopia-card-link {\r\n    opacity: 1;\r\n    transform: translateY(0);\r\n  }\r\n\r\n  .wputopia-card[data-active=\"true\"] img {\r\n    transform: scale(1.1);\r\n    filter: none;\r\n  }\r\n\r\n  \/* Scrollbar Styles *\/\r\n  .wputopia-cards-container::-webkit-scrollbar {\r\n    height: 8px;\r\n  }\r\n\r\n  .wputopia-cards-container::-webkit-scrollbar-track {\r\n    background: #f1f1f1;\r\n    border-radius: 4px;\r\n  }\r\n\r\n  .wputopia-cards-container::-webkit-scrollbar-thumb {\r\n    background: #888;\r\n    border-radius: 4px;\r\n  }\r\n\r\n  \/* ===== Responsive f\u00fcr Mobilger\u00e4te ===== *\/\r\n  @media (max-width: 768px) {\r\n    .wputopia-hover-module {\r\n      padding: 1rem;\r\n      min-height: 400px;\r\n    }\r\n\r\n    .wputopia-cards-container {\r\n      height: 350px;\r\n      padding: 0.5rem;\r\n    }\r\n\r\n    .wputopia-card {\r\n      --wputopia-card-width: 60px;\r\n      --wputopia-card-expanded-width: 300px;\r\n    }\r\n\r\n    .wputopia-card-content {\r\n      padding: 1rem;\r\n    }\r\n\r\n    .wputopia-card h3 {\r\n      font-size: 1.2rem;\r\n    }\r\n\r\n    .wputopia-card[data-active=\"true\"] h3 {\r\n      font-size: 1.2rem;\r\n    }\r\n\r\n    .wputopia-card p,\r\n    .wputopia-card-link {\r\n      font-size: 0.9rem;\r\n    }\r\n  }\r\n<\/style>\r\n\t\t\t\t<\/div>\n\t\t\t\t<\/div>\n\t\t\t\t<div class=\"elementor-element elementor-element-1742f089 elementor-widget elementor-widget-html\" data-id=\"1742f089\" data-element_type=\"widget\" data-e-type=\"widget\" data-widget_type=\"html.default\">\n\t\t\t\t<div class=\"elementor-widget-container\">\n\t\t\t\t\t<script>\r\n    (function() {\r\n        function initWputopiaHoverModule() {\r\n            const cards = document.querySelectorAll('.wputopia-card');\r\n            \r\n            const handleCardInteraction = (event) => {\r\n                const targetCard = event.currentTarget;\r\n                \r\n                \/\/ Alle anderen Karten schlie\u00dfen\r\n                cards.forEach(card => {\r\n                    if (card !== targetCard) {\r\n                        card.setAttribute('data-active', 'false');\r\n                    }\r\n                });\r\n                \r\n                \/\/ Zielkarte toggeln (\u00f6ffnen\/schlie\u00dfen)\r\n                const isCurrentlyActive = targetCard.getAttribute('data-active') === 'true';\r\n                targetCard.setAttribute('data-active', (!isCurrentlyActive).toString());\r\n            };\r\n            \r\n            \/\/ Event-Listener f\u00fcr Klick und Hover hinzuf\u00fcgen\r\n            cards.forEach(card => {\r\n                card.addEventListener('click', handleCardInteraction);\r\n                \r\n                card.addEventListener('mouseenter', (e) => {\r\n                    handleCardInteraction(e);\r\n                });\r\n            });\r\n            \r\n            \/\/ Schlie\u00dfe alle Karten, wenn au\u00dferhalb geklickt wird\r\n            document.addEventListener('click', (e) => {\r\n                if (!e.target.closest('.wputopia-card')) {\r\n                    cards.forEach(card => {\r\n                        card.setAttribute('data-active', 'false');\r\n                    });\r\n                }\r\n            });\r\n            \r\n            \/\/ Optional: Bei Fenstergr\u00f6\u00dfe \u00e4ndern aktivierte Karte sichtbar halten\r\n            \/\/ (ohne automatisches \u00d6ffnen beim Start)\r\n            window.addEventListener('resize', () => {\r\n                const activeCard = document.querySelector('.wputopia-card[data-active=\"true\"]');\r\n                if (activeCard) {\r\n                    setTimeout(() => {\r\n                        activeCard.scrollIntoView({ behavior: 'smooth', block: 'nearest', inline: 'center' });\r\n                    }, 100);\r\n                }\r\n            });\r\n        }\r\n        \r\n        \/\/ Initialisierung bei DOM ready\r\n        if (document.readyState === 'loading') {\r\n            document.addEventListener('DOMContentLoaded', initWputopiaHoverModule);\r\n        } else {\r\n            initWputopiaHoverModule();\r\n        }\r\n    })();\r\n<\/script>\r\n\t\t\t\t<\/div>\n\t\t\t\t<\/div>\n\t\t\t\t<\/div>\n\t\t<div data-particle_enable=\"false\" data-particle-mobile-disabled=\"false\" class=\"elementor-element elementor-element-10532b91 e-flex e-con-boxed wpr-particle-no wpr-jarallax-no wpr-parallax-no wpr-sticky-section-no e-con e-parent\" data-id=\"10532b91\" data-element_type=\"container\" data-e-type=\"container\">\n\t\t\t\t\t<div class=\"e-con-inner\">\n\t\t\t\t<div class=\"elementor-element elementor-element-1bb0c2ca elementor-widget elementor-widget-spacer\" data-id=\"1bb0c2ca\" data-element_type=\"widget\" data-e-type=\"widget\" data-widget_type=\"spacer.default\">\n\t\t\t\t<div class=\"elementor-widget-container\">\n\t\t\t\t\t\t\t<div class=\"elementor-spacer\">\n\t\t\t<div class=\"elementor-spacer-inner\"><\/div>\n\t\t<\/div>\n\t\t\t\t\t\t<\/div>\n\t\t\t\t<\/div>\n\t\t\t\t\t<\/div>\n\t\t\t\t<\/div>\n\t\t\t\t<\/div>\n\t\t","protected":false},"excerpt":{"rendered":"<p>WIR SIND EIN&nbsp;TEAM. In unserem Leben und in unserer Arbeitsweise ist der Teamgedanke von zentraler Bedeutung, nicht nur intern, sondern auch extern. Der Gedanke \u201eNur zusammen k\u00f6nnen wir es schaffen\u201c ist f\u00fcr uns daher nicht nur eine rhetorische Floskel, sondern eine notwendige praktische Realit\u00e4t. Bauaufgaben werden immer komplexer. Jeder wird gebraucht. Die erfolgreichsten Projekte sind immer das Ergebnis einer engen Zusammenarbeit und des Austauschs von Ideen und Fachwissen. Die Realisierung eines Bauprojekts erfordert die Zusammenarbeit verschiedenster Fachleute, von Architekten \u00fcber Ingenieure, Handwerkern, Sachverst\u00e4ndigen und nat\u00fcrlich Bauherrn und Nutzern. Jeder bringt seine speziellen F\u00e4higkeiten und Perspektiven ein, und erst durch diesen kollektiven Einsatz wird aus einer Idee ein Geb\u00e4ude. Die Gegenwart und die Zukunft des Bauens liegt in der Kooperation\u201c Lernen Sie uns kennen Carsten Nawrath Architekt Gesch\u00e4ftsf\u00fchrer und Gr\u00fcnder Mehr \u00fcber mich Heidrun Weitz Architektin Gesch\u00e4ftsf\u00fchrerin und Gr\u00fcnderin Mehr \u00fcber mich Christoph Bartram Architekt AK Rheinland-Pfalz Mehr \u00fcber mich Valentina Zuluaga Innenarchitektin Mehr \u00fcber mich Laura Offerman Architektin Mehr \u00fcber mich Paula Berntheusel Bauzeichnerin Mehr \u00fcber mich Sandra L\u00fcbke Auszubildende Bauzeichnerin Mehr \u00fcber mich Ruben Weiner Bauzeichner Mehr \u00fcber mich Maria Rangou Architektin AK Hessen Mehr \u00fcber mich<\/p>\n","protected":false},"author":6,"featured_media":0,"parent":0,"menu_order":0,"comment_status":"closed","ping_status":"closed","template":"","meta":{"footnotes":""},"class_list":["post-3568","page","type-page","status-publish","hentry"],"_links":{"self":[{"href":"https:\/\/nw-architekten.com\/index.php?rest_route=\/wp\/v2\/pages\/3568","targetHints":{"allow":["GET"]}}],"collection":[{"href":"https:\/\/nw-architekten.com\/index.php?rest_route=\/wp\/v2\/pages"}],"about":[{"href":"https:\/\/nw-architekten.com\/index.php?rest_route=\/wp\/v2\/types\/page"}],"author":[{"embeddable":true,"href":"https:\/\/nw-architekten.com\/index.php?rest_route=\/wp\/v2\/users\/6"}],"replies":[{"embeddable":true,"href":"https:\/\/nw-architekten.com\/index.php?rest_route=%2Fwp%2Fv2%2Fcomments&post=3568"}],"version-history":[{"count":20,"href":"https:\/\/nw-architekten.com\/index.php?rest_route=\/wp\/v2\/pages\/3568\/revisions"}],"predecessor-version":[{"id":4144,"href":"https:\/\/nw-architekten.com\/index.php?rest_route=\/wp\/v2\/pages\/3568\/revisions\/4144"}],"wp:attachment":[{"href":"https:\/\/nw-architekten.com\/index.php?rest_route=%2Fwp%2Fv2%2Fmedia&parent=3568"}],"curies":[{"name":"wp","href":"https:\/\/api.w.org\/{rel}","templated":true}]}}